{"id":2064,"date":"2020-03-12T17:16:43","date_gmt":"2020-03-12T16:16:43","guid":{"rendered":"http:\/\/new.shui.de\/?page_id=2064"},"modified":"2020-03-13T22:22:02","modified_gmt":"2020-03-13T21:22:02","slug":"what-we-do","status":"publish","type":"page","link":"https:\/\/feng.shui.de\/en\/what-we-do\/","title":{"rendered":"What we do"},"content":{"rendered":"<p>[et_pb_section fb_built=&#8221;1&#8243; fullwidth=&#8221;on&#8221; disabled_on=&#8221;on|off|off&#8221; admin_label=&#8221;slider desktop EN&#8221; _builder_version=&#8221;4.3.4&#8243; min_height=&#8221;430px&#8221; custom_margin=&#8221;||0px||false|false&#8221; saved_tabs=&#8221;all&#8221; collapsed=&#8221;off&#8221;][et_pb_fullwidth_slider show_pagination=&#8221;off&#8221; _builder_version=&#8221;4.2.1&#8243; content_width=&#8221;100%&#8221; min_height=&#8221;430px&#8221; max_height=&#8221;340px&#8221; custom_padding=&#8221;||||false|false&#8221; auto=&#8221;on&#8221;][et_pb_slide _builder_version=&#8221;4.2.1&#8243; background_enable_color=&#8221;off&#8221; background_image=&#8221;https:\/\/feng.shui.de\/wp-content\/uploads\/2020\/02\/slide-1_tiger-consulting_fengshui-geomantie2__-2.jpg&#8221; background_enable_image=&#8221;on&#8221; background_position=&#8221;bottom_right&#8221;][\/et_pb_slide][et_pb_slide _builder_version=&#8221;4.2.1&#8243; background_enable_color=&#8221;off&#8221; background_image=&#8221;https:\/\/feng.shui.de\/wp-content\/uploads\/2020\/02\/tiger-consulting_fengshui-baubiologie3_-1.jpg&#8221; background_enable_image=&#8221;on&#8221; background_position=&#8221;bottom_center&#8221;][\/et_pb_slide][et_pb_slide _builder_version=&#8221;4.2.1&#8243; background_enable_color=&#8221;off&#8221; background_image=&#8221;https:\/\/feng.shui.de\/wp-content\/uploads\/2020\/02\/tiger-consulting_fengshui-2_-2.jpg&#8221; background_enable_image=&#8221;on&#8221; background_position=&#8221;bottom_center&#8221;][\/et_pb_slide][et_pb_slide _builder_version=&#8221;4.2.1&#8243; background_enable_color=&#8221;off&#8221; background_image=&#8221;https:\/\/feng.shui.de\/wp-content\/uploads\/2020\/02\/tiger-consulting_fengshu_-3.jpg&#8221; background_enable_image=&#8221;on&#8221; background_position=&#8221;bottom_center&#8221;][\/et_pb_slide][\/et_pb_fullwidth_slider][\/et_pb_section][et_pb_section fb_built=&#8221;1&#8243; fullwidth=&#8221;on&#8221; disabled_on=&#8221;off|on|on&#8221; admin_label=&#8221;slider mobil EN&#8221; _builder_version=&#8221;4.3.4&#8243; min_height=&#8221;200px&#8221; height=&#8221;200px&#8221; max_height=&#8221;200px&#8221; custom_margin=&#8221;||||false|false&#8221; saved_tabs=&#8221;all&#8221; collapsed=&#8221;off&#8221;][et_pb_fullwidth_slider disabled_on=&#8221;off|on|on&#8221; _builder_version=&#8221;4.2.1&#8243; content_width=&#8221;100%&#8221; height=&#8221;200px&#8221; max_height=&#8221;200px&#8221; custom_padding=&#8221;||||false|false&#8221; auto=&#8221;on&#8221;][et_pb_slide _builder_version=&#8221;4.2.1&#8243; body_text_align=&#8221;center&#8221; body_text_color=&#8221;#ffffff&#8221; body_font_size=&#8221;24px&#8221; background_enable_color=&#8221;off&#8221; background_image=&#8221;https:\/\/feng.shui.de\/wp-content\/uploads\/2020\/02\/tiger-consulting_fengshui-geomantie2-1.jpg&#8221; background_enable_image=&#8221;on&#8221; background_position=&#8221;bottom_right&#8221;]for a better living space[\/et_pb_slide][et_pb_slide _builder_version=&#8221;4.2.1&#8243; body_text_align=&#8221;center&#8221; body_text_color=&#8221;#ffffff&#8221; body_font_size=&#8221;24px&#8221; background_enable_color=&#8221;off&#8221; background_image=&#8221;https:\/\/feng.shui.de\/wp-content\/uploads\/2020\/02\/tiger-consulting_fengshui-baubiologie3-.jpg&#8221; background_enable_image=&#8221;on&#8221; background_position=&#8221;bottom_right&#8221;]for a better living space[\/et_pb_slide][et_pb_slide _builder_version=&#8221;4.2.1&#8243; body_text_align=&#8221;center&#8221; body_text_color=&#8221;#ffffff&#8221; body_font_size=&#8221;24px&#8221; background_enable_color=&#8221;off&#8221; background_image=&#8221;https:\/\/feng.shui.de\/wp-content\/uploads\/2020\/02\/tiger-consulting_fengshui-geomantie2-.jpg&#8221; background_enable_image=&#8221;on&#8221; background_position=&#8221;bottom_right&#8221;]for a better living space[\/et_pb_slide][et_pb_slide _builder_version=&#8221;4.2.1&#8243; body_text_align=&#8221;center&#8221; body_text_color=&#8221;#ffffff&#8221; body_font_size=&#8221;24px&#8221; background_enable_color=&#8221;off&#8221; background_image=&#8221;https:\/\/feng.shui.de\/wp-content\/uploads\/2020\/02\/tiger-consulting_fengshui-1.jpg&#8221; background_enable_image=&#8221;on&#8221; background_position=&#8221;bottom_right&#8221;]for a better living space[\/et_pb_slide][\/et_pb_fullwidth_slider][\/et_pb_section][et_pb_section fb_built=&#8221;1&#8243; admin_label=&#8221;Sektion Ticker EN&#8221; module_class=&#8221;tickerdb&#8221; _builder_version=&#8221;4.3.4&#8243; background_color=&#8221;#96252b&#8221; width=&#8221;100%&#8221; max_width=&#8221;100%&#8221; height=&#8221;32px&#8221; custom_margin=&#8221;0px|0px|0px|0px|false|false&#8221; custom_padding=&#8221;5px|15px|0px|15px|false|false&#8221; saved_tabs=&#8221;all&#8221; collapsed=&#8221;off&#8221;][et_pb_row _builder_version=&#8221;4.2.1&#8243; width=&#8221;100%&#8221; overflow-x=&#8221;hidden&#8221; overflow-y=&#8221;hidden&#8221; custom_margin=&#8221;0px||0px||false|false&#8221; custom_padding=&#8221;0px||0px||false|false&#8221;][et_pb_column type=&#8221;4_4&#8243; _builder_version=&#8221;3.29.3&#8243;][et_pb_text _builder_version=&#8221;4.3.4&#8243; text_text_color=&#8221;#ffffff&#8221;]<\/p>\n<div id=\"mtphr-dnt-2224\" class=\"mtphr-dnt mtphr-dnt-2224 mtphr-dnt-default mtphr-dnt-scroll mtphr-dnt-scroll-left\"><div class=\"mtphr-dnt-wrapper mtphr-dnt-clearfix\"><div class=\"mtphr-dnt-tick-container\"><div class=\"mtphr-dnt-tick-contents\"><div class=\"mtphr-dnt-tick mtphr-dnt-default-tick mtphr-dnt-clearfix \"><a href=\"https:\/\/feng.shui.de\/en\/immobilienanalyse-per-mail\/\" target=\"_self\">+++ Immobilienanalyse ab 109 Euro online &#8211; Lebensqualit\u00e4t \/ Prognose \/ Kaufsicherheit +++<\/a><\/div><\/div><\/div><\/div><\/div>\n<p>[\/et_pb_text][\/et_pb_column][\/et_pb_row][\/et_pb_section][et_pb_section fb_built=&#8221;1&#8243; admin_label=&#8221;sektion breadcrumb EN&#8221; _builder_version=&#8221;4.3.4&#8243; background_color=&#8221;#ecf0f1&#8243; custom_margin=&#8221;0px||0px||false|false&#8221; custom_padding=&#8221;0px||10px||false|false&#8221; saved_tabs=&#8221;all&#8221; collapsed=&#8221;on&#8221;][et_pb_row _builder_version=&#8221;4.2.1&#8243; custom_margin=&#8221;0px||0px||false|false&#8221; custom_padding=&#8221;0px||0px||false|false&#8221;][et_pb_column type=&#8221;4_4&#8243; _builder_version=&#8221;4.2.1&#8243;][et_pb_code _builder_version=&#8221;4.2.1&#8243; custom_margin=&#8221;0px||||false|false&#8221; custom_padding=&#8221;10px||0px||false|false&#8221;]<span><span><a href=\"https:\/\/feng.shui.de\/en\/\">Startseite<\/a><\/span><\/span>[\/et_pb_code][\/et_pb_column][\/et_pb_row][\/et_pb_section][et_pb_section fb_built=&#8221;1&#8243; module_class=&#8221;dbcon&#8221; _builder_version=&#8221;4.2.1&#8243; custom_margin=&#8221;||0px||false|false&#8221; custom_padding=&#8221;30px||||false|false&#8221; collapsed=&#8221;off&#8221;][et_pb_row column_structure=&#8221;2_3,1_3&#8243; _builder_version=&#8221;3.29.3&#8243;][et_pb_column type=&#8221;2_3&#8243; _builder_version=&#8221;3.29.3&#8243;][et_pb_text _builder_version=&#8221;4.3.4&#8243;]<\/p>\n<h1>What&nbsp;we&nbsp;do<\/h1>\n<h2>Feng&nbsp;Shui&nbsp;&#8211;&nbsp;key&nbsp;to&nbsp;success<\/h2>\n<p>Tiger Consulting predicts and analyzes the impact of real estate on humans .<br \/>Three variants , all with the same goal &#8211; a balance between the effects on humans :<\/p>\n<ul>\n<li><a href=\"https:\/\/feng.shui.de\/en\/what-we-do\/beratungen\/\">Consulting<\/a><\/li>\n<li><a href=\"https:\/\/feng.shui.de\/en\/what-we-do\/coaching\/\">Coaching<\/a><\/li>\n<li><a href=\"https:\/\/feng.shui.de\/en\/what-we-do\/training-program\/\">Training Program<\/a><br \/>&nbsp;<\/li>\n<\/ul>\n<p>Die Themengebiete, auf denen unsere Arbeit basiert:<\/p>\n<ul>\n<li><a href=\"https:\/\/feng.shui.de\/en\/construction-biology\/\">Construction Biology<\/a><\/li>\n<li><a href=\"https:\/\/feng.shui.de\/en\/geomancy\/\">Geomancy<\/a><\/li>\n<li><a href=\"https:\/\/feng.shui.de\/en\/feng-shui\/\">Feng Shui<\/a><\/li>\n<li><a href=\"https:\/\/feng.shui.de\/en\/crystallogy\/\">Crystallogy<\/a><\/li>\n<\/ul>\n<p>[\/et_pb_text][\/et_pb_column][et_pb_column type=&#8221;1_3&#8243; _builder_version=&#8221;3.29.3&#8243;][et_pb_text _builder_version=&#8221;4.3.4&#8243; hover_enabled=&#8221;0&#8243;]<\/p>\n<p style=\"border-bottom: 1px solid #a21731; padding: 5px; color: #fff; background: #2b4b6a;\">&nbsp;&nbsp;What we do:<\/p>\n<p style=\"border-bottom: 1px solid #2b4b6a; padding: 10px; text-align: center; background: #a21731;\"><a style=\"font-size: 24px; font-weight: 300; color: #fff !important; text-decoration: none !important;\" href=\"https:\/\/feng.shui.de\/immobilienanalyse-per-mail\/\">Online-Immobilienanalyse<\/a><\/p>\n<p style=\"border-bottom: 1px solid #2b4b6a; padding: 10px; text-align: center; background: #a21731;\"><a style=\"font-size: 24px; font-weight: 300; color: #fff !important; text-decoration: none !important;\" href=\"https:\/\/feng.shui.de\/en\/what-we-do\/beratungen\/\">Consulting<\/a><\/p>\n<p style=\"border-bottom: 1px solid #2b4b6a; padding: 10px; text-align: center; background: #a21731;\"><a style=\"font-size: 24px; font-weight: 300; color: #fff !important; text-decoration: none !important;\" href=\"https:\/\/feng.shui.de\/coaching\/\">Coaching<\/a><\/p>\n<p style=\"border-bottom: 1px solid #2b4b6a; padding: 10px; text-align: center; background: #a21731;\"><a style=\"font-size: 24px; font-weight: 300; color: #fff !important; text-decoration: none !important;\" href=\"https:\/\/feng.shui.de\/en\/what-we-do\/training-program\/\">Training Program<\/a><\/p>\n<p style=\"border-bottom: 1px solid #2b4b6a; padding: 10px; text-align: center; background: #54212d;\"><a style=\"font-size: 24px; font-weight: 300; color: #fff !important; text-decoration: none !important;\" href=\"https:\/\/feng.shui.de\/en\/what-we-do\/\">Themengebiete<\/a><\/p>\n<p>[\/et_pb_text][et_pb_image src=&#8221;https:\/\/feng.shui.de\/wp-content\/uploads\/2020\/03\/tiger-consulting-planbeispiel-1.jpg&#8221; show_in_lightbox=&#8221;on&#8221; _builder_version=&#8221;4.3.4&#8243;][\/et_pb_image][\/et_pb_column][\/et_pb_row][et_pb_row column_structure=&#8221;1_4,1_4,1_4,1_4&#8243; _builder_version=&#8221;4.3.4&#8243;][et_pb_column type=&#8221;1_4&#8243; _builder_version=&#8221;4.3.4&#8243;][et_pb_image src=&#8221;https:\/\/feng.shui.de\/wp-content\/uploads\/2020\/03\/feng-shui-for-a-better-living-space.jpg&#8221; _builder_version=&#8221;4.3.4&#8243;][\/et_pb_image][\/et_pb_column][et_pb_column type=&#8221;1_4&#8243; _builder_version=&#8221;4.3.4&#8243;][et_pb_image src=&#8221;https:\/\/feng.shui.de\/wp-content\/uploads\/2020\/03\/feng-shui-der-schluessel-fuer-ihren-erfolg.jpg&#8221; _builder_version=&#8221;4.3.4&#8243;][\/et_pb_image][\/et_pb_column][et_pb_column type=&#8221;1_4&#8243; _builder_version=&#8221;4.3.4&#8243;][et_pb_image src=&#8221;https:\/\/feng.shui.de\/wp-content\/uploads\/2020\/03\/erhoehung-der-lebensqualitaet.jpg&#8221; _builder_version=&#8221;4.3.4&#8243;][\/et_pb_image][\/et_pb_column][et_pb_column type=&#8221;1_4&#8243; _builder_version=&#8221;4.3.4&#8243;][et_pb_image src=&#8221;https:\/\/feng.shui.de\/wp-content\/uploads\/2020\/03\/fengshui-tiger-consulting.jpg&#8221; _builder_version=&#8221;4.3.4&#8243;][\/et_pb_image][\/et_pb_column][\/et_pb_row][\/et_pb_section]<\/p>\n","protected":false},"excerpt":{"rendered":"<p>for a better living spacefor a better living spacefor a better living spacefor a better living space<div id=\"mtphr-dnt-2224\" class=\"mtphr-dnt mtphr-dnt-2224 mtphr-dnt-default mtphr-dnt-scroll mtphr-dnt-scroll-left\"><div class=\"mtphr-dnt-wrapper mtphr-dnt-clearfix\"><div class=\"mtphr-dnt-tick-container\"><div class=\"mtphr-dnt-tick-contents\"><div class=\"mtphr-dnt-tick mtphr-dnt-default-tick mtphr-dnt-clearfix \"><a href=\"https:\/\/feng.shui.de\/en\/immobilienanalyse-per-mail\/\" target=\"_self\">+++ Immobilienanalyse ab 109 Euro online &#8211; Lebensqualit\u00e4t \/ Prognose \/ Kaufsicherheit +++<\/a><\/div><\/div><\/div><\/div><\/div><span><span><a href=\"https:\/\/feng.shui.de\/en\/\">Startseite<\/a><\/span><\/span>What&nbsp;we&nbsp;do Feng&nbsp;Shui&nbsp;&#8211;&nbsp;key&nbsp;to&nbsp;success Tiger Consulting predicts and analyzes the impact of real estate on humans .Three variants , all with the same goal &#8211; a balance between the effects on humans : Consulting Coaching Training Program&nbsp; Die Themengebiete, auf [&hellip;]<\/p>\n","protected":false},"author":1,"featured_media":0,"parent":0,"menu_order":0,"comment_status":"closed","ping_status":"closed","template":"","meta":{"_et_pb_use_builder":"on","_et_pb_old_content":"[et_pb_section fb_built=\"1\" fullwidth=\"on\" disabled_on=\"on|off|off\" admin_label=\"slider desktop\" _builder_version=\"4.2.1\" min_height=\"430px\" custom_margin=\"||0px||false|false\" global_module=\"414\" saved_tabs=\"all\" collapsed=\"off\"][et_pb_fullwidth_slider show_pagination=\"off\" _builder_version=\"4.2.1\" content_width=\"100%\" min_height=\"430px\" max_height=\"340px\" custom_padding=\"||||false|false\" auto=\"on\"][et_pb_slide _builder_version=\"4.2.1\" background_enable_color=\"off\" background_image=\"https:\/\/feng.shui.de\/wp-content\/uploads\/2020\/02\/slide-1_tiger-consulting_fengshui-geomantie2__-2.jpg\" background_enable_image=\"on\" background_position=\"bottom_right\"][\/et_pb_slide][et_pb_slide _builder_version=\"4.2.1\" background_enable_color=\"off\" background_image=\"https:\/\/feng.shui.de\/wp-content\/uploads\/2020\/02\/tiger-consulting_fengshui-baubiologie3_-1.jpg\" background_enable_image=\"on\" background_position=\"bottom_center\"][\/et_pb_slide][et_pb_slide _builder_version=\"4.2.1\" background_enable_color=\"off\" background_image=\"https:\/\/feng.shui.de\/wp-content\/uploads\/2020\/02\/tiger-consulting_fengshui-2_-2.jpg\" background_enable_image=\"on\" background_position=\"bottom_center\"][\/et_pb_slide][et_pb_slide _builder_version=\"4.2.1\" background_enable_color=\"off\" background_image=\"https:\/\/feng.shui.de\/wp-content\/uploads\/2020\/02\/tiger-consulting_fengshu_-3.jpg\" background_enable_image=\"on\" background_position=\"bottom_center\"][\/et_pb_slide][\/et_pb_fullwidth_slider][\/et_pb_section][et_pb_section fb_built=\"1\" fullwidth=\"on\" disabled_on=\"off|on|on\" admin_label=\"slider mobil\" _builder_version=\"4.2.1\" min_height=\"200px\" height=\"200px\" max_height=\"200px\" custom_margin=\"||||false|false\" global_module=\"1184\" saved_tabs=\"all\" collapsed=\"off\"][et_pb_fullwidth_slider disabled_on=\"off|on|on\" _builder_version=\"4.2.1\" content_width=\"100%\" height=\"200px\" max_height=\"200px\" custom_padding=\"||||false|false\" auto=\"on\"][et_pb_slide _builder_version=\"4.2.1\" body_text_align=\"center\" body_text_color=\"#ffffff\" body_font_size=\"24px\" background_enable_color=\"off\" background_image=\"https:\/\/feng.shui.de\/wp-content\/uploads\/2020\/02\/tiger-consulting_fengshui-geomantie2-1.jpg\" background_enable_image=\"on\" background_position=\"bottom_right\"]for a better living space[\/et_pb_slide][et_pb_slide _builder_version=\"4.2.1\" body_text_align=\"center\" body_text_color=\"#ffffff\" body_font_size=\"24px\" background_enable_color=\"off\" background_image=\"https:\/\/feng.shui.de\/wp-content\/uploads\/2020\/02\/tiger-consulting_fengshui-baubiologie3-.jpg\" background_enable_image=\"on\" background_position=\"bottom_right\"]for a better living space[\/et_pb_slide][et_pb_slide _builder_version=\"4.2.1\" body_text_align=\"center\" body_text_color=\"#ffffff\" body_font_size=\"24px\" background_enable_color=\"off\" background_image=\"https:\/\/feng.shui.de\/wp-content\/uploads\/2020\/02\/tiger-consulting_fengshui-geomantie2-.jpg\" background_enable_image=\"on\" background_position=\"bottom_right\"]for a better living space[\/et_pb_slide][et_pb_slide _builder_version=\"4.2.1\" body_text_align=\"center\" body_text_color=\"#ffffff\" body_font_size=\"24px\" background_enable_color=\"off\" background_image=\"https:\/\/feng.shui.de\/wp-content\/uploads\/2020\/02\/tiger-consulting_fengshui-1.jpg\" background_enable_image=\"on\" background_position=\"bottom_right\"]for a better living space[\/et_pb_slide][\/et_pb_fullwidth_slider][\/et_pb_section][et_pb_section fb_built=\"1\" admin_label=\"Sektion Ticker\" module_class=\"tickerdb\" _builder_version=\"4.2.1\" background_color=\"#96252b\" width=\"100%\" max_width=\"100%\" height=\"32px\" custom_margin=\"0px|0px|0px|0px|false|false\" custom_padding=\"5px|15px|0px|15px|false|false\" global_module=\"413\" collapsed=\"off\"][et_pb_row _builder_version=\"4.2.1\" width=\"100%\" overflow-x=\"hidden\" overflow-y=\"hidden\" custom_margin=\"0px||0px||false|false\" custom_padding=\"0px||0px||false|false\"][et_pb_column type=\"4_4\" _builder_version=\"3.29.3\"][et_pb_text _builder_version=\"4.2.1\" text_text_color=\"#ffffff\"][ditty_news_ticker id=\"992\"][\/et_pb_text][\/et_pb_column][\/et_pb_row][\/et_pb_section][et_pb_section fb_built=\"1\" admin_label=\"sektion breadcrumb\" _builder_version=\"4.3.4\" background_color=\"#ecf0f1\" custom_margin=\"0px||0px||false|false\" custom_padding=\"0px||10px||false|false\" global_module=\"1612\" collapsed=\"on\"][et_pb_row _builder_version=\"4.2.1\" custom_margin=\"0px||0px||false|false\" custom_padding=\"0px||0px||false|false\"][et_pb_column type=\"4_4\" _builder_version=\"4.2.1\"][et_pb_code _builder_version=\"4.2.1\" custom_margin=\"0px||||false|false\" custom_padding=\"10px||0px||false|false\"][wpseo_breadcrumb][\/et_pb_code][\/et_pb_column][\/et_pb_row][\/et_pb_section][et_pb_section fb_built=\"1\" module_class=\"dbcon\" _builder_version=\"4.2.1\" custom_margin=\"||0px||false|false\" custom_padding=\"30px||||false|false\" collapsed=\"off\"][et_pb_row column_structure=\"2_3,1_3\" _builder_version=\"3.29.3\"][et_pb_column type=\"2_3\" _builder_version=\"3.29.3\"][et_pb_text _builder_version=\"4.3.4\"]<h1>Was wir tun<\/h1>\r\n<p>Tiger Consulting prognostiziert, analysiert und optimiert die Auswirkungen von Immobilien auf den Menschen. Drei Varianten, alle mit dem selben Ziel - das Ausbalancieren dieser Auswirkungen auf den Menschen: <a href=\"https:\/\/feng.shui.de\/was-wir-tun\/beratungen\/\">Beratung<\/a> - <a href=\"https:\/\/feng.shui.de\/was-wir-tun\/coaching\/\">Coaching<\/a> - <a href=\"https:\/\/feng.shui.de\/was-wir-tun\/seminare\/\">Seminare<\/a><\/p>\r\n<p>Die Themengebiete, auf denen unsere Arbeit basiert: <a href=\"https:\/\/feng.shui.de\/baubiologie\/\">Baubiologie<\/a> - <a href=\"https:\/\/feng.shui.de\/geomantie\/\">Geomantie<\/a> - Feng Shui - <a href=\"https:\/\/feng.shui.de\/kristallologie\/\">Kristallologie<\/a><\/p>\r\n<p>\u00a0<\/p>\r\n<h2>Feng Shui - der Schl\u00fcssel f\u00fcr Ihren Erfolg<\/h2>\r\n<p>Feng Shui f\u00fcr mehr Lebensqualit\u00e4t, Feng Shui for a better living space. Tiger Consultng erzielt in den Beratungen durchschnittlich eine Erh\u00f6hung der Lebensqualit\u00e4t in Geb\u00e4uden von mindestens 85%.<\/p>\r\n<p>Frau K\u00f6hring und Herr K\u00f6hring sind seit \u00fcber 20 Jahren beratend rund um die Immobilie t\u00e4tig und haben bis dato mehr als 1.500 Beratungen durchgef\u00fchrt. Feng Shui wirkt auf der energetischen und physikalischen Ebene und optimiert die energetische Blaupause des Geb\u00e4udes.<\/p>[\/et_pb_text][\/et_pb_column][et_pb_column type=\"1_3\" _builder_version=\"3.29.3\"][et_pb_text _builder_version=\"4.2.1\"]<p style=\"border-bottom: 1px solid #a21731; padding: 5px; color: #fff;  background: #2b4b6a;\">\u00a0\u00a0Was wir tun:<\/p>\r\n<p style=\"border-bottom: 1px solid #2b4b6a; padding: 10px; text-align: center; background: #a21731;\"><a style=\"font-size: 24px; font-weight: 300; color: #fff !important; text-decoration: none !important;\" href=\"https:\/\/feng.shui.de\/immobilienanalyse-per-mail\/\">Online-Immobilienanalyse<\/a><\/p>\r\n<p style=\"border-bottom: 1px solid #2b4b6a; padding: 10px; text-align: center; background: #a21731;\"><a style=\"font-size: 24px; font-weight: 300; color: #fff !important; text-decoration: none !important;\" href=\"https:\/\/feng.shui.de\/beratungen\/\">Beratung<\/a><\/p>\r\n<p style=\"border-bottom: 1px solid #2b4b6a; padding: 10px; text-align: center; background: #a21731;\"><a style=\"font-size: 24px; font-weight: 300; color: #fff !important; text-decoration: none !important;\" href=\"https:\/\/feng.shui.de\/coaching\/\">Coaching<\/a><\/p>\r\n<p style=\"border-bottom: 1px solid #2b4b6a; padding: 10px; text-align: center; background: #a21731;\"><a style=\"font-size: 24px; font-weight: 300; color: #fff !important; text-decoration: none !important;\" href=\"https:\/\/feng.shui.de\/was-wir-tun\/seminare\/\">Seminare<\/a><\/p>\r\n<p style=\"border-bottom: 1px solid #2b4b6a; padding: 10px; text-align: center; background: #54212d;\"><a style=\"font-size: 24px; font-weight: 300; color: #fff !important; text-decoration: none !important;\" href=\"https:\/\/feng.shui.de\/was-wir-tun\/themengebiete\/\">Themengebiete<\/a><\/p>[\/et_pb_text][et_pb_image src=\"https:\/\/feng.shui.de\/wp-content\/uploads\/2020\/03\/tiger-consulting-planbeispiel-1.jpg\" show_in_lightbox=\"on\" _builder_version=\"4.3.4\"][\/et_pb_image][\/et_pb_column][\/et_pb_row][\/et_pb_section]","_et_gb_content_width":"","ngg_post_thumbnail":0,"footnotes":"","_wp_rev_ctl_limit":""},"class_list":["post-2064","page","type-page","status-publish","hentry"],"yoast_head":"<!-- This site is optimized with the Yoast SEO plugin v27.3 - https:\/\/yoast.com\/product\/yoast-seo-wordpress\/ -->\n<title>What we do - Tiger Consulting<\/title>\n<meta name=\"robots\" content=\"index, follow, max-snippet:-1, max-image-preview:large, max-video-preview:-1\" \/>\n<link rel=\"canonical\" href=\"https:\/\/feng.shui.de\/en\/what-we-do\/\" \/>\n<meta property=\"og:locale\" content=\"en_US\" \/>\n<meta property=\"og:type\" content=\"article\" \/>\n<meta property=\"og:title\" content=\"What we do - Tiger Consulting\" \/>\n<meta property=\"og:description\" content=\"for a better living spacefor a better living spacefor a better living spacefor a better living spaceWhat&nbsp;we&nbsp;do Feng&nbsp;Shui&nbsp;-&nbsp;key&nbsp;to&nbsp;success Tiger Consulting predicts and analyzes the impact of real estate on humans .Three variants , all with the same goal - a balance between the effects on humans : Consulting Coaching Training Program&nbsp; Die Themengebiete, auf [&hellip;]\" \/>\n<meta property=\"og:url\" content=\"https:\/\/feng.shui.de\/en\/what-we-do\/\" \/>\n<meta property=\"og:site_name\" content=\"Tiger Consulting\" \/>\n<meta property=\"article:modified_time\" content=\"2020-03-13T21:22:02+00:00\" \/>\n<meta name=\"twitter:card\" content=\"summary_large_image\" \/>\n<meta name=\"twitter:label1\" content=\"Est. reading time\" \/>\n\t<meta name=\"twitter:data1\" content=\"5 minutes\" \/>\n<script type=\"application\/ld+json\" class=\"yoast-schema-graph\">{\"@context\":\"https:\\\/\\\/schema.org\",\"@graph\":[{\"@type\":\"WebPage\",\"@id\":\"https:\\\/\\\/feng.shui.de\\\/en\\\/what-we-do\\\/\",\"url\":\"https:\\\/\\\/feng.shui.de\\\/en\\\/what-we-do\\\/\",\"name\":\"What we do - Tiger Consulting\",\"isPartOf\":{\"@id\":\"https:\\\/\\\/feng.shui.de\\\/#website\"},\"datePublished\":\"2020-03-12T16:16:43+00:00\",\"dateModified\":\"2020-03-13T21:22:02+00:00\",\"breadcrumb\":{\"@id\":\"https:\\\/\\\/feng.shui.de\\\/en\\\/what-we-do\\\/#breadcrumb\"},\"inLanguage\":\"en-US\",\"potentialAction\":[{\"@type\":\"ReadAction\",\"target\":[\"https:\\\/\\\/feng.shui.de\\\/en\\\/what-we-do\\\/\"]}]},{\"@type\":\"BreadcrumbList\",\"@id\":\"https:\\\/\\\/feng.shui.de\\\/en\\\/what-we-do\\\/#breadcrumb\",\"itemListElement\":[{\"@type\":\"ListItem\",\"position\":1,\"name\":\"Startseite\",\"item\":\"https:\\\/\\\/feng.shui.de\\\/en\\\/\"},{\"@type\":\"ListItem\",\"position\":2,\"name\":\"What we do\"}]},{\"@type\":\"WebSite\",\"@id\":\"https:\\\/\\\/feng.shui.de\\\/#website\",\"url\":\"https:\\\/\\\/feng.shui.de\\\/\",\"name\":\"Tiger Consulting\",\"description\":\"\",\"potentialAction\":[{\"@type\":\"SearchAction\",\"target\":{\"@type\":\"EntryPoint\",\"urlTemplate\":\"https:\\\/\\\/feng.shui.de\\\/?s={search_term_string}\"},\"query-input\":{\"@type\":\"PropertyValueSpecification\",\"valueRequired\":true,\"valueName\":\"search_term_string\"}}],\"inLanguage\":\"en-US\"}]}<\/script>\n<!-- \/ Yoast SEO plugin. -->","yoast_head_json":{"title":"What we do - Tiger Consulting","robots":{"index":"index","follow":"follow","max-snippet":"max-snippet:-1","max-image-preview":"max-image-preview:large","max-video-preview":"max-video-preview:-1"},"canonical":"https:\/\/feng.shui.de\/en\/what-we-do\/","og_locale":"en_US","og_type":"article","og_title":"What we do - Tiger Consulting","og_description":"for a better living spacefor a better living spacefor a better living spacefor a better living spaceWhat&nbsp;we&nbsp;do Feng&nbsp;Shui&nbsp;-&nbsp;key&nbsp;to&nbsp;success Tiger Consulting predicts and analyzes the impact of real estate on humans .Three variants , all with the same goal - a balance between the effects on humans : Consulting Coaching Training Program&nbsp; Die Themengebiete, auf [&hellip;]","og_url":"https:\/\/feng.shui.de\/en\/what-we-do\/","og_site_name":"Tiger Consulting","article_modified_time":"2020-03-13T21:22:02+00:00","twitter_card":"summary_large_image","twitter_misc":{"Est. reading time":"5 minutes"},"schema":{"@context":"https:\/\/schema.org","@graph":[{"@type":"WebPage","@id":"https:\/\/feng.shui.de\/en\/what-we-do\/","url":"https:\/\/feng.shui.de\/en\/what-we-do\/","name":"What we do - Tiger Consulting","isPartOf":{"@id":"https:\/\/feng.shui.de\/#website"},"datePublished":"2020-03-12T16:16:43+00:00","dateModified":"2020-03-13T21:22:02+00:00","breadcrumb":{"@id":"https:\/\/feng.shui.de\/en\/what-we-do\/#breadcrumb"},"inLanguage":"en-US","potentialAction":[{"@type":"ReadAction","target":["https:\/\/feng.shui.de\/en\/what-we-do\/"]}]},{"@type":"BreadcrumbList","@id":"https:\/\/feng.shui.de\/en\/what-we-do\/#breadcrumb","itemListElement":[{"@type":"ListItem","position":1,"name":"Startseite","item":"https:\/\/feng.shui.de\/en\/"},{"@type":"ListItem","position":2,"name":"What we do"}]},{"@type":"WebSite","@id":"https:\/\/feng.shui.de\/#website","url":"https:\/\/feng.shui.de\/","name":"Tiger Consulting","description":"","potentialAction":[{"@type":"SearchAction","target":{"@type":"EntryPoint","urlTemplate":"https:\/\/feng.shui.de\/?s={search_term_string}"},"query-input":{"@type":"PropertyValueSpecification","valueRequired":true,"valueName":"search_term_string"}}],"inLanguage":"en-US"}]}},"_links":{"self":[{"href":"https:\/\/feng.shui.de\/en\/wp-json\/wp\/v2\/pages\/2064","targetHints":{"allow":["GET"]}}],"collection":[{"href":"https:\/\/feng.shui.de\/en\/wp-json\/wp\/v2\/pages"}],"about":[{"href":"https:\/\/feng.shui.de\/en\/wp-json\/wp\/v2\/types\/page"}],"author":[{"embeddable":true,"href":"https:\/\/feng.shui.de\/en\/wp-json\/wp\/v2\/users\/1"}],"replies":[{"embeddable":true,"href":"https:\/\/feng.shui.de\/en\/wp-json\/wp\/v2\/comments?post=2064"}],"version-history":[{"count":9,"href":"https:\/\/feng.shui.de\/en\/wp-json\/wp\/v2\/pages\/2064\/revisions"}],"predecessor-version":[{"id":2432,"href":"https:\/\/feng.shui.de\/en\/wp-json\/wp\/v2\/pages\/2064\/revisions\/2432"}],"wp:attachment":[{"href":"https:\/\/feng.shui.de\/en\/wp-json\/wp\/v2\/media?parent=2064"}],"curies":[{"name":"wp","href":"https:\/\/api.w.org\/{rel}","templated":true}]}}