{"id":2094,"date":"2020-03-12T17:33:48","date_gmt":"2020-03-12T16:33:48","guid":{"rendered":"http:\/\/new.shui.de\/?page_id=2094"},"modified":"2020-03-13T16:59:47","modified_gmt":"2020-03-13T15:59:47","slug":"coaching","status":"publish","type":"page","link":"https:\/\/feng.shui.de\/en\/what-we-do\/coaching\/","title":{"rendered":"Coaching"},"content":{"rendered":"<p>[et_pb_section fb_built=&#8221;1&#8243; fullwidth=&#8221;on&#8221; disabled_on=&#8221;off|on|on&#8221; admin_label=&#8221;slider mobil EN&#8221; _builder_version=&#8221;4.3.4&#8243; min_height=&#8221;200px&#8221; height=&#8221;200px&#8221; max_height=&#8221;200px&#8221; custom_margin=&#8221;||||false|false&#8221; saved_tabs=&#8221;all&#8221; collapsed=&#8221;on&#8221;][et_pb_fullwidth_slider disabled_on=&#8221;off|on|on&#8221; _builder_version=&#8221;4.2.1&#8243; content_width=&#8221;100%&#8221; height=&#8221;200px&#8221; max_height=&#8221;200px&#8221; custom_padding=&#8221;||||false|false&#8221; auto=&#8221;on&#8221;][et_pb_slide _builder_version=&#8221;4.2.1&#8243; body_text_align=&#8221;center&#8221; body_text_color=&#8221;#ffffff&#8221; body_font_size=&#8221;24px&#8221; background_enable_color=&#8221;off&#8221; background_image=&#8221;https:\/\/feng.shui.de\/wp-content\/uploads\/2020\/02\/tiger-consulting_fengshui-geomantie2-1.jpg&#8221; background_enable_image=&#8221;on&#8221; background_position=&#8221;bottom_right&#8221;]for a better living space[\/et_pb_slide][et_pb_slide _builder_version=&#8221;4.2.1&#8243; body_text_align=&#8221;center&#8221; body_text_color=&#8221;#ffffff&#8221; body_font_size=&#8221;24px&#8221; background_enable_color=&#8221;off&#8221; background_image=&#8221;https:\/\/feng.shui.de\/wp-content\/uploads\/2020\/02\/tiger-consulting_fengshui-baubiologie3-.jpg&#8221; background_enable_image=&#8221;on&#8221; background_position=&#8221;bottom_right&#8221;]for a better living space[\/et_pb_slide][et_pb_slide _builder_version=&#8221;4.2.1&#8243; body_text_align=&#8221;center&#8221; body_text_color=&#8221;#ffffff&#8221; body_font_size=&#8221;24px&#8221; background_enable_color=&#8221;off&#8221; background_image=&#8221;https:\/\/feng.shui.de\/wp-content\/uploads\/2020\/02\/tiger-consulting_fengshui-geomantie2-.jpg&#8221; background_enable_image=&#8221;on&#8221; background_position=&#8221;bottom_right&#8221;]for a better living space[\/et_pb_slide][et_pb_slide _builder_version=&#8221;4.2.1&#8243; body_text_align=&#8221;center&#8221; body_text_color=&#8221;#ffffff&#8221; body_font_size=&#8221;24px&#8221; background_enable_color=&#8221;off&#8221; background_image=&#8221;https:\/\/feng.shui.de\/wp-content\/uploads\/2020\/02\/tiger-consulting_fengshui-1.jpg&#8221; background_enable_image=&#8221;on&#8221; background_position=&#8221;bottom_right&#8221;]for a better living space[\/et_pb_slide][\/et_pb_fullwidth_slider][\/et_pb_section][et_pb_section fb_built=&#8221;1&#8243; fullwidth=&#8221;on&#8221; disabled_on=&#8221;off|on|on&#8221; admin_label=&#8221;slider mobil EN&#8221; _builder_version=&#8221;4.3.4&#8243; min_height=&#8221;200px&#8221; height=&#8221;200px&#8221; max_height=&#8221;200px&#8221; custom_margin=&#8221;||||false|false&#8221; saved_tabs=&#8221;all&#8221; collapsed=&#8221;on&#8221;][et_pb_fullwidth_slider disabled_on=&#8221;off|on|on&#8221; _builder_version=&#8221;4.2.1&#8243; content_width=&#8221;100%&#8221; height=&#8221;200px&#8221; max_height=&#8221;200px&#8221; custom_padding=&#8221;||||false|false&#8221; auto=&#8221;on&#8221;][et_pb_slide _builder_version=&#8221;4.2.1&#8243; body_text_align=&#8221;center&#8221; body_text_color=&#8221;#ffffff&#8221; body_font_size=&#8221;24px&#8221; background_enable_color=&#8221;off&#8221; background_image=&#8221;https:\/\/feng.shui.de\/wp-content\/uploads\/2020\/02\/tiger-consulting_fengshui-geomantie2-1.jpg&#8221; background_enable_image=&#8221;on&#8221; background_position=&#8221;bottom_right&#8221;]for a better living space[\/et_pb_slide][et_pb_slide _builder_version=&#8221;4.2.1&#8243; body_text_align=&#8221;center&#8221; body_text_color=&#8221;#ffffff&#8221; body_font_size=&#8221;24px&#8221; background_enable_color=&#8221;off&#8221; background_image=&#8221;https:\/\/feng.shui.de\/wp-content\/uploads\/2020\/02\/tiger-consulting_fengshui-baubiologie3-.jpg&#8221; background_enable_image=&#8221;on&#8221; background_position=&#8221;bottom_right&#8221;]for a better living space[\/et_pb_slide][et_pb_slide _builder_version=&#8221;4.2.1&#8243; body_text_align=&#8221;center&#8221; body_text_color=&#8221;#ffffff&#8221; body_font_size=&#8221;24px&#8221; background_enable_color=&#8221;off&#8221; background_image=&#8221;https:\/\/feng.shui.de\/wp-content\/uploads\/2020\/02\/tiger-consulting_fengshui-geomantie2-.jpg&#8221; background_enable_image=&#8221;on&#8221; background_position=&#8221;bottom_right&#8221;]for a better living space[\/et_pb_slide][et_pb_slide _builder_version=&#8221;4.2.1&#8243; body_text_align=&#8221;center&#8221; body_text_color=&#8221;#ffffff&#8221; body_font_size=&#8221;24px&#8221; background_enable_color=&#8221;off&#8221; background_image=&#8221;https:\/\/feng.shui.de\/wp-content\/uploads\/2020\/02\/tiger-consulting_fengshui-1.jpg&#8221; background_enable_image=&#8221;on&#8221; background_position=&#8221;bottom_right&#8221;]for a better living space[\/et_pb_slide][\/et_pb_fullwidth_slider][\/et_pb_section][et_pb_section fb_built=&#8221;1&#8243; admin_label=&#8221;Sektion Ticker EN&#8221; module_class=&#8221;tickerdb&#8221; _builder_version=&#8221;4.3.4&#8243; background_color=&#8221;#96252b&#8221; width=&#8221;100%&#8221; max_width=&#8221;100%&#8221; height=&#8221;32px&#8221; custom_margin=&#8221;0px|0px|0px|0px|false|false&#8221; custom_padding=&#8221;5px|15px|0px|15px|false|false&#8221; collapsed=&#8221;off&#8221;][et_pb_row _builder_version=&#8221;4.2.1&#8243; width=&#8221;100%&#8221; overflow-x=&#8221;hidden&#8221; overflow-y=&#8221;hidden&#8221; custom_margin=&#8221;0px||0px||false|false&#8221; custom_padding=&#8221;0px||0px||false|false&#8221;][et_pb_column type=&#8221;4_4&#8243; _builder_version=&#8221;3.29.3&#8243;][et_pb_text _builder_version=&#8221;4.3.4&#8243; text_text_color=&#8221;#ffffff&#8221; hover_enabled=&#8221;0&#8243;]<\/p>\n<div id=\"mtphr-dnt-2224\" class=\"mtphr-dnt mtphr-dnt-2224 mtphr-dnt-default mtphr-dnt-scroll mtphr-dnt-scroll-left\"><div class=\"mtphr-dnt-wrapper mtphr-dnt-clearfix\"><div class=\"mtphr-dnt-tick-container\"><div class=\"mtphr-dnt-tick-contents\"><div class=\"mtphr-dnt-tick mtphr-dnt-default-tick mtphr-dnt-clearfix \"><a href=\"https:\/\/feng.shui.de\/en\/immobilienanalyse-per-mail\/\" target=\"_self\">+++ Immobilienanalyse ab 109 Euro online &#8211; Lebensqualit\u00e4t \/ Prognose \/ Kaufsicherheit +++<\/a><\/div><\/div><\/div><\/div><\/div>\n<p>[\/et_pb_text][\/et_pb_column][\/et_pb_row][\/et_pb_section][et_pb_section fb_built=&#8221;1&#8243; admin_label=&#8221;sektion breadcrumb EN&#8221; _builder_version=&#8221;4.3.4&#8243; background_color=&#8221;#ecf0f1&#8243; custom_margin=&#8221;0px||0px||false|false&#8221; custom_padding=&#8221;0px||10px||false|false&#8221; collapsed=&#8221;on&#8221;][et_pb_row _builder_version=&#8221;4.2.1&#8243; custom_margin=&#8221;0px||0px||false|false&#8221; custom_padding=&#8221;0px||0px||false|false&#8221;][et_pb_column type=&#8221;4_4&#8243; _builder_version=&#8221;4.2.1&#8243;][et_pb_code _builder_version=&#8221;4.2.1&#8243; custom_margin=&#8221;0px||||false|false&#8221; custom_padding=&#8221;10px||0px||false|false&#8221;]<span><span><a href=\"https:\/\/feng.shui.de\/en\/\">Startseite<\/a><\/span><\/span>[\/et_pb_code][\/et_pb_column][\/et_pb_row][\/et_pb_section][et_pb_section fb_built=&#8221;1&#8243; _builder_version=&#8221;4.2.1&#8243; custom_margin=&#8221;||0px||false|false&#8221; custom_padding=&#8221;30px||||false|false&#8221; collapsed=&#8221;off&#8221;][et_pb_row column_structure=&#8221;1_2,1_2&#8243; _builder_version=&#8221;4.2.1&#8243; custom_margin=&#8221;||||false|false&#8221; custom_padding=&#8221;||||false|false&#8221;][et_pb_column type=&#8221;1_2&#8243; _builder_version=&#8221;3.29.3&#8243;][et_pb_text _builder_version=&#8221;4.3.4&#8243;]<\/p>\n<h1>Coaching<\/h1>\n<p>&nbsp;<br \/>Energy Coaching has been developed during the 15 years of practical consulting, and has never ceased to develop as a result of many visits to Asia with numerous personal retreats and attendance of training courses.<\/p>\n<p>[\/et_pb_text][\/et_pb_column][et_pb_column type=&#8221;1_2&#8243; _builder_version=&#8221;3.29.3&#8243;][et_pb_image src=&#8221;https:\/\/feng.shui.de\/wp-content\/uploads\/2020\/03\/coaching_e.jpg&#8221; alt=&#8221;pers\u00f6nliches Energymanagement&#8221; title_text=&#8221;pers\u00f6nliches Energymanagement&#8221; _builder_version=&#8221;4.3.4&#8243;][\/et_pb_image][\/et_pb_column][\/et_pb_row][et_pb_row _builder_version=&#8221;4.2.1&#8243;][et_pb_column type=&#8221;4_4&#8243; _builder_version=&#8221;4.2.1&#8243;][et_pb_text _builder_version=&#8221;4.3.4&#8243;]<img loading=\"lazy\" decoding=\"async\" class=\"wp-image-647 alignnone size-full\" src=\"https:\/\/feng.shui.de\/wp-content\/uploads\/2020\/01\/coaching_1-1.jpg\" alt=\"\" width=\"248\" height=\"186\"> <img loading=\"lazy\" decoding=\"async\" class=\"wp-image-649 alignnone size-full\" src=\"https:\/\/feng.shui.de\/wp-content\/uploads\/2020\/01\/coaching_1-2.jpg\" alt=\"Tiger Consulting - Coaching\" width=\"248\" height=\"186\"> <img loading=\"lazy\" decoding=\"async\" class=\"wp-image-651 alignnone size-full\" src=\"https:\/\/feng.shui.de\/wp-content\/uploads\/2020\/01\/coaching_2-1.jpg\" alt=\"Tiger Consulting - Coaching\" width=\"248\" height=\"186\"> <img loading=\"lazy\" decoding=\"async\" class=\"wp-image-653 alignnone size-full\" src=\"https:\/\/feng.shui.de\/wp-content\/uploads\/2020\/01\/coaching_2-2.jpg\" alt=\"Tiger Consulting - Coaching\" width=\"248\" height=\"186\"> <img loading=\"lazy\" decoding=\"async\" class=\"wp-image-655 alignnone size-full\" src=\"https:\/\/feng.shui.de\/wp-content\/uploads\/2020\/01\/coaching_3-1.jpg\" alt=\"Tiger Consulting - Coaching\" width=\"248\" height=\"186\"> <img loading=\"lazy\" decoding=\"async\" class=\"wp-image-657 alignnone size-full\" src=\"https:\/\/feng.shui.de\/wp-content\/uploads\/2020\/01\/coaching_3-2.jpg\" alt=\"\" width=\"248\" height=\"186\">&nbsp;<img loading=\"lazy\" decoding=\"async\" class=\"wp-image-661 alignnone size-full\" src=\"https:\/\/feng.shui.de\/wp-content\/uploads\/2020\/01\/coaching_4-2.jpg\" alt=\"\" width=\"248\" height=\"186\"> <img loading=\"lazy\" decoding=\"async\" class=\"wp-image-672 alignnone size-full\" src=\"https:\/\/feng.shui.de\/wp-content\/uploads\/2020\/01\/tiger-consulting_coaching.jpg\" alt=\"Tiger Consulting - Coaching\" width=\"196\" height=\"186\"><br \/>\n[\/et_pb_text][\/et_pb_column][\/et_pb_row][\/et_pb_section]<\/p>\n","protected":false},"excerpt":{"rendered":"<p>for a better living spacefor a better living spacefor a better living spacefor a better living spacefor a better living spacefor a better living spacefor a better living spacefor a better living space<div id=\"mtphr-dnt-2224\" class=\"mtphr-dnt mtphr-dnt-2224 mtphr-dnt-default mtphr-dnt-scroll mtphr-dnt-scroll-left\"><div class=\"mtphr-dnt-wrapper mtphr-dnt-clearfix\"><div class=\"mtphr-dnt-tick-container\"><div class=\"mtphr-dnt-tick-contents\"><div class=\"mtphr-dnt-tick mtphr-dnt-default-tick mtphr-dnt-clearfix \"><a href=\"https:\/\/feng.shui.de\/en\/immobilienanalyse-per-mail\/\" target=\"_self\">+++ Immobilienanalyse ab 109 Euro online &#8211; Lebensqualit\u00e4t \/ Prognose \/ Kaufsicherheit +++<\/a><\/div><\/div><\/div><\/div><\/div> <span><span><a href=\"https:\/\/feng.shui.de\/en\/\">Startseite<\/a><\/span><\/span>Coaching &nbsp;Energy Coaching has been developed during the 15 years of practical consulting, and has never ceased to develop as a [&hellip;]<\/p>\n","protected":false},"author":1,"featured_media":0,"parent":2064,"menu_order":0,"comment_status":"closed","ping_status":"closed","template":"","meta":{"_et_pb_use_builder":"on","_et_pb_old_content":"<p>[et_pb_section fb_built=\"1\" fullwidth=\"on\" disabled_on=\"on|off|off\" admin_label=\"slider desktop\" _builder_version=\"4.2.1\" min_height=\"430px\" custom_margin=\"||0px||false|false\" global_module=\"414\" saved_tabs=\"all\" collapsed=\"on\"][et_pb_fullwidth_slider show_pagination=\"off\" _builder_version=\"4.2.1\" content_width=\"100%\" min_height=\"430px\" max_height=\"340px\" custom_padding=\"||||false|false\" auto=\"on\"][et_pb_slide _builder_version=\"4.2.1\" background_enable_color=\"off\" background_image=\"https:\/\/feng.shui.de\/wp-content\/uploads\/2020\/02\/slide-1_tiger-consulting_fengshui-geomantie2__-2.jpg\" background_enable_image=\"on\" background_position=\"bottom_right\"][\/et_pb_slide][et_pb_slide _builder_version=\"4.2.1\" background_enable_color=\"off\" background_image=\"https:\/\/feng.shui.de\/wp-content\/uploads\/2020\/02\/tiger-consulting_fengshui-baubiologie3_-1.jpg\" background_enable_image=\"on\" background_position=\"bottom_center\"][\/et_pb_slide][et_pb_slide _builder_version=\"4.2.1\" background_enable_color=\"off\" background_image=\"https:\/\/feng.shui.de\/wp-content\/uploads\/2020\/02\/tiger-consulting_fengshui-2_-2.jpg\" background_enable_image=\"on\" background_position=\"bottom_center\"][\/et_pb_slide][et_pb_slide _builder_version=\"4.2.1\" background_enable_color=\"off\" background_image=\"https:\/\/feng.shui.de\/wp-content\/uploads\/2020\/02\/tiger-consulting_fengshu_-3.jpg\" background_enable_image=\"on\" background_position=\"bottom_center\"][\/et_pb_slide][\/et_pb_fullwidth_slider][\/et_pb_section][et_pb_section fb_built=\"1\" admin_label=\"Sektion Ticker\" module_class=\"tickerdb\" _builder_version=\"4.2.1\" background_color=\"#96252b\" width=\"100%\" max_width=\"100%\" height=\"32px\" custom_margin=\"0px|0px|0px|0px|false|false\" custom_padding=\"5px|15px|0px|15px|false|false\" global_module=\"413\" collapsed=\"off\"][et_pb_row _builder_version=\"4.2.1\" width=\"100%\" overflow-x=\"hidden\" overflow-y=\"hidden\" custom_margin=\"0px||0px||false|false\" custom_padding=\"0px||0px||false|false\"][et_pb_column type=\"4_4\" _builder_version=\"3.29.3\"][et_pb_text _builder_version=\"4.2.1\" text_text_color=\"#ffffff\"][ditty_news_ticker id=\"992\"][\/et_pb_text][\/et_pb_column][\/et_pb_row][\/et_pb_section][et_pb_section fb_built=\"1\" admin_label=\"sektion breadcrumb\" _builder_version=\"4.2.1\" background_color=\"#ecf0f1\" custom_margin=\"0px||0px||false|false\" custom_padding=\"0px||0px||false|false\" global_module=\"1612\"][et_pb_row _builder_version=\"4.2.1\" custom_margin=\"0px||0px||false|false\" custom_padding=\"0px||0px||false|false\"][et_pb_column type=\"4_4\" _builder_version=\"4.2.1\"][et_pb_code _builder_version=\"4.2.1\" custom_margin=\"0px||||false|false\" custom_padding=\"10px||0px||false|false\"][wpseo_breadcrumb][\/et_pb_code][\/et_pb_column][\/et_pb_row][\/et_pb_section][et_pb_section fb_built=\"1\" _builder_version=\"4.2.1\" custom_margin=\"||0px||false|false\" custom_padding=\"30px||||false|false\" collapsed=\"off\"][et_pb_row column_structure=\"1_2,1_2\" _builder_version=\"4.2.1\" custom_margin=\"||||false|false\" custom_padding=\"||||false|false\"][et_pb_column type=\"1_2\" _builder_version=\"3.29.3\"][et_pb_text _builder_version=\"4.2.1\"]<\/p><h1>Coaching<\/h1><p>\u00a0<br>Energy Coaching wurde im Laufe der 15-j\u00e4hrigen Beratungspraxis entwickelt und durch die vielen Asienaufenthalte mit zahlreichen pers\u00f6nlichen Retraits und Schulungen st\u00e4ndig weiterentwickelt .<\/p><p>\u00a0<br>Es wird ein pers\u00f6nliches Energymanagement vermittelt, das Ihre pers\u00f6nliche Energie um ein vielfaches sp\u00fcrbar steigert.<\/p><p>[\/et_pb_text][\/et_pb_column][et_pb_column type=\"1_2\" _builder_version=\"3.29.3\"][et_pb_image src=\"https:\/\/feng.shui.de\/wp-content\/uploads\/2020\/01\/coaching_d.jpg\" alt=\"pers\u00f6nliches Energymanagement\" title_text=\"pers\u00f6nliches Energymanagement\" _builder_version=\"4.2.1\"][\/et_pb_image][\/et_pb_column][\/et_pb_row][et_pb_row _builder_version=\"4.2.1\"][et_pb_column type=\"4_4\" _builder_version=\"4.2.1\"][et_pb_text _builder_version=\"4.2.1\"]<\/p><p><img class=\"wp-image-647 alignnone size-full\" src=\"https:\/\/feng.shui.de\/wp-content\/uploads\/2020\/01\/coaching_1-1.jpg\" alt=\"\" width=\"248\" height=\"186\"> <img class=\"wp-image-649 alignnone size-full\" src=\"https:\/\/feng.shui.de\/wp-content\/uploads\/2020\/01\/coaching_1-2.jpg\" alt=\"Tiger Consulting - Coaching\" width=\"248\" height=\"186\"> <img class=\"wp-image-651 alignnone size-full\" src=\"https:\/\/feng.shui.de\/wp-content\/uploads\/2020\/01\/coaching_2-1.jpg\" alt=\"Tiger Consulting - Coaching\" width=\"248\" height=\"186\"> <img class=\"wp-image-653 alignnone size-full\" src=\"https:\/\/feng.shui.de\/wp-content\/uploads\/2020\/01\/coaching_2-2.jpg\" alt=\"Tiger Consulting - Coaching\" width=\"248\" height=\"186\"> <img class=\"wp-image-655 alignnone size-full\" src=\"https:\/\/feng.shui.de\/wp-content\/uploads\/2020\/01\/coaching_3-1.jpg\" alt=\"Tiger Consulting - Coaching\" width=\"248\" height=\"186\"> <img class=\"wp-image-657 alignnone size-full\" src=\"https:\/\/feng.shui.de\/wp-content\/uploads\/2020\/01\/coaching_3-2.jpg\" alt=\"\" width=\"248\" height=\"186\">\u00a0<img class=\"wp-image-661 alignnone size-full\" src=\"https:\/\/feng.shui.de\/wp-content\/uploads\/2020\/01\/coaching_4-2.jpg\" alt=\"\" width=\"248\" height=\"186\"> <img class=\"wp-image-672 alignnone size-full\" src=\"https:\/\/feng.shui.de\/wp-content\/uploads\/2020\/01\/tiger-consulting_coaching.jpg\" alt=\"Tiger Consulting - Coaching\" width=\"196\" height=\"186\"><\/p><p>[\/et_pb_text][\/et_pb_column][\/et_pb_row][\/et_pb_section]<\/p>","_et_gb_content_width":"","ngg_post_thumbnail":0,"footnotes":"","_wp_rev_ctl_limit":""},"class_list":["post-2094","page","type-page","status-publish","hentry"],"yoast_head":"<!-- This site is optimized with the Yoast SEO plugin v27.3 - https:\/\/yoast.com\/product\/yoast-seo-wordpress\/ -->\n<title>Coaching - Tiger Consulting<\/title>\n<meta name=\"robots\" content=\"index, follow, max-snippet:-1, max-image-preview:large, max-video-preview:-1\" \/>\n<link rel=\"canonical\" href=\"https:\/\/feng.shui.de\/en\/what-we-do\/coaching\/\" \/>\n<meta property=\"og:locale\" content=\"en_US\" \/>\n<meta property=\"og:type\" content=\"article\" \/>\n<meta property=\"og:title\" content=\"Coaching - Tiger Consulting\" \/>\n<meta property=\"og:description\" content=\"for a better living spacefor a better living spacefor a better living spacefor a better living spacefor a better living spacefor a better living spacefor a better living spacefor a better living space Coaching &nbsp;Energy Coaching has been developed during the 15 years of practical consulting, and has never ceased to develop as a [&hellip;]\" \/>\n<meta property=\"og:url\" content=\"https:\/\/feng.shui.de\/en\/what-we-do\/coaching\/\" \/>\n<meta property=\"og:site_name\" content=\"Tiger Consulting\" \/>\n<meta property=\"article:modified_time\" content=\"2020-03-13T15:59:47+00:00\" \/>\n<meta property=\"og:image\" content=\"https:\/\/feng.shui.de\/wp-content\/uploads\/2020\/01\/coaching_1-1.jpg\" \/>\n<meta name=\"twitter:card\" content=\"summary_large_image\" \/>\n<meta name=\"twitter:label1\" content=\"Est. reading time\" \/>\n\t<meta name=\"twitter:data1\" content=\"4 minutes\" \/>\n<script type=\"application\/ld+json\" class=\"yoast-schema-graph\">{\"@context\":\"https:\\\/\\\/schema.org\",\"@graph\":[{\"@type\":\"WebPage\",\"@id\":\"https:\\\/\\\/feng.shui.de\\\/en\\\/what-we-do\\\/coaching\\\/\",\"url\":\"https:\\\/\\\/feng.shui.de\\\/en\\\/what-we-do\\\/coaching\\\/\",\"name\":\"Coaching - Tiger Consulting\",\"isPartOf\":{\"@id\":\"https:\\\/\\\/feng.shui.de\\\/#website\"},\"primaryImageOfPage\":{\"@id\":\"https:\\\/\\\/feng.shui.de\\\/en\\\/what-we-do\\\/coaching\\\/#primaryimage\"},\"image\":{\"@id\":\"https:\\\/\\\/feng.shui.de\\\/en\\\/what-we-do\\\/coaching\\\/#primaryimage\"},\"thumbnailUrl\":\"https:\\\/\\\/feng.shui.de\\\/wp-content\\\/uploads\\\/2020\\\/01\\\/coaching_1-1.jpg\",\"datePublished\":\"2020-03-12T16:33:48+00:00\",\"dateModified\":\"2020-03-13T15:59:47+00:00\",\"breadcrumb\":{\"@id\":\"https:\\\/\\\/feng.shui.de\\\/en\\\/what-we-do\\\/coaching\\\/#breadcrumb\"},\"inLanguage\":\"en-US\",\"potentialAction\":[{\"@type\":\"ReadAction\",\"target\":[\"https:\\\/\\\/feng.shui.de\\\/en\\\/what-we-do\\\/coaching\\\/\"]}]},{\"@type\":\"ImageObject\",\"inLanguage\":\"en-US\",\"@id\":\"https:\\\/\\\/feng.shui.de\\\/en\\\/what-we-do\\\/coaching\\\/#primaryimage\",\"url\":\"https:\\\/\\\/feng.shui.de\\\/wp-content\\\/uploads\\\/2020\\\/01\\\/coaching_1-1.jpg\",\"contentUrl\":\"https:\\\/\\\/feng.shui.de\\\/wp-content\\\/uploads\\\/2020\\\/01\\\/coaching_1-1.jpg\"},{\"@type\":\"BreadcrumbList\",\"@id\":\"https:\\\/\\\/feng.shui.de\\\/en\\\/what-we-do\\\/coaching\\\/#breadcrumb\",\"itemListElement\":[{\"@type\":\"ListItem\",\"position\":1,\"name\":\"Startseite\",\"item\":\"https:\\\/\\\/feng.shui.de\\\/en\\\/\"},{\"@type\":\"ListItem\",\"position\":2,\"name\":\"What we do\",\"item\":\"https:\\\/\\\/feng.shui.de\\\/en\\\/what-we-do\\\/\"},{\"@type\":\"ListItem\",\"position\":3,\"name\":\"Coaching\"}]},{\"@type\":\"WebSite\",\"@id\":\"https:\\\/\\\/feng.shui.de\\\/#website\",\"url\":\"https:\\\/\\\/feng.shui.de\\\/\",\"name\":\"Tiger Consulting\",\"description\":\"\",\"potentialAction\":[{\"@type\":\"SearchAction\",\"target\":{\"@type\":\"EntryPoint\",\"urlTemplate\":\"https:\\\/\\\/feng.shui.de\\\/?s={search_term_string}\"},\"query-input\":{\"@type\":\"PropertyValueSpecification\",\"valueRequired\":true,\"valueName\":\"search_term_string\"}}],\"inLanguage\":\"en-US\"}]}<\/script>\n<!-- \/ Yoast SEO plugin. -->","yoast_head_json":{"title":"Coaching - Tiger Consulting","robots":{"index":"index","follow":"follow","max-snippet":"max-snippet:-1","max-image-preview":"max-image-preview:large","max-video-preview":"max-video-preview:-1"},"canonical":"https:\/\/feng.shui.de\/en\/what-we-do\/coaching\/","og_locale":"en_US","og_type":"article","og_title":"Coaching - Tiger Consulting","og_description":"for a better living spacefor a better living spacefor a better living spacefor a better living spacefor a better living spacefor a better living spacefor a better living spacefor a better living space Coaching &nbsp;Energy Coaching has been developed during the 15 years of practical consulting, and has never ceased to develop as a [&hellip;]","og_url":"https:\/\/feng.shui.de\/en\/what-we-do\/coaching\/","og_site_name":"Tiger Consulting","article_modified_time":"2020-03-13T15:59:47+00:00","og_image":[{"url":"https:\/\/feng.shui.de\/wp-content\/uploads\/2020\/01\/coaching_1-1.jpg","type":"","width":"","height":""}],"twitter_card":"summary_large_image","twitter_misc":{"Est. reading time":"4 minutes"},"schema":{"@context":"https:\/\/schema.org","@graph":[{"@type":"WebPage","@id":"https:\/\/feng.shui.de\/en\/what-we-do\/coaching\/","url":"https:\/\/feng.shui.de\/en\/what-we-do\/coaching\/","name":"Coaching - Tiger Consulting","isPartOf":{"@id":"https:\/\/feng.shui.de\/#website"},"primaryImageOfPage":{"@id":"https:\/\/feng.shui.de\/en\/what-we-do\/coaching\/#primaryimage"},"image":{"@id":"https:\/\/feng.shui.de\/en\/what-we-do\/coaching\/#primaryimage"},"thumbnailUrl":"https:\/\/feng.shui.de\/wp-content\/uploads\/2020\/01\/coaching_1-1.jpg","datePublished":"2020-03-12T16:33:48+00:00","dateModified":"2020-03-13T15:59:47+00:00","breadcrumb":{"@id":"https:\/\/feng.shui.de\/en\/what-we-do\/coaching\/#breadcrumb"},"inLanguage":"en-US","potentialAction":[{"@type":"ReadAction","target":["https:\/\/feng.shui.de\/en\/what-we-do\/coaching\/"]}]},{"@type":"ImageObject","inLanguage":"en-US","@id":"https:\/\/feng.shui.de\/en\/what-we-do\/coaching\/#primaryimage","url":"https:\/\/feng.shui.de\/wp-content\/uploads\/2020\/01\/coaching_1-1.jpg","contentUrl":"https:\/\/feng.shui.de\/wp-content\/uploads\/2020\/01\/coaching_1-1.jpg"},{"@type":"BreadcrumbList","@id":"https:\/\/feng.shui.de\/en\/what-we-do\/coaching\/#breadcrumb","itemListElement":[{"@type":"ListItem","position":1,"name":"Startseite","item":"https:\/\/feng.shui.de\/en\/"},{"@type":"ListItem","position":2,"name":"What we do","item":"https:\/\/feng.shui.de\/en\/what-we-do\/"},{"@type":"ListItem","position":3,"name":"Coaching"}]},{"@type":"WebSite","@id":"https:\/\/feng.shui.de\/#website","url":"https:\/\/feng.shui.de\/","name":"Tiger Consulting","description":"","potentialAction":[{"@type":"SearchAction","target":{"@type":"EntryPoint","urlTemplate":"https:\/\/feng.shui.de\/?s={search_term_string}"},"query-input":{"@type":"PropertyValueSpecification","valueRequired":true,"valueName":"search_term_string"}}],"inLanguage":"en-US"}]}},"_links":{"self":[{"href":"https:\/\/feng.shui.de\/en\/wp-json\/wp\/v2\/pages\/2094","targetHints":{"allow":["GET"]}}],"collection":[{"href":"https:\/\/feng.shui.de\/en\/wp-json\/wp\/v2\/pages"}],"about":[{"href":"https:\/\/feng.shui.de\/en\/wp-json\/wp\/v2\/types\/page"}],"author":[{"embeddable":true,"href":"https:\/\/feng.shui.de\/en\/wp-json\/wp\/v2\/users\/1"}],"replies":[{"embeddable":true,"href":"https:\/\/feng.shui.de\/en\/wp-json\/wp\/v2\/comments?post=2094"}],"version-history":[{"count":3,"href":"https:\/\/feng.shui.de\/en\/wp-json\/wp\/v2\/pages\/2094\/revisions"}],"predecessor-version":[{"id":2354,"href":"https:\/\/feng.shui.de\/en\/wp-json\/wp\/v2\/pages\/2094\/revisions\/2354"}],"up":[{"embeddable":true,"href":"https:\/\/feng.shui.de\/en\/wp-json\/wp\/v2\/pages\/2064"}],"wp:attachment":[{"href":"https:\/\/feng.shui.de\/en\/wp-json\/wp\/v2\/media?parent=2094"}],"curies":[{"name":"wp","href":"https:\/\/api.w.org\/{rel}","templated":true}]}}