{"id":2375,"date":"2020-03-13T21:34:37","date_gmt":"2020-03-13T20:34:37","guid":{"rendered":"http:\/\/new.shui.de\/?page_id=2375"},"modified":"2020-03-13T21:54:06","modified_gmt":"2020-03-13T20:54:06","slug":"feng-shui","status":"publish","type":"page","link":"https:\/\/feng.shui.de\/en\/what-we-do\/themes\/feng-shui\/","title":{"rendered":"Feng Shui"},"content":{"rendered":"<p>[et_pb_section fb_built=&#8221;1&#8243; fullwidth=&#8221;on&#8221; disabled_on=&#8221;on|off|off&#8221; admin_label=&#8221;slider desktop EN&#8221; _builder_version=&#8221;4.3.4&#8243; min_height=&#8221;430px&#8221; custom_margin=&#8221;||0px||false|false&#8221; saved_tabs=&#8221;all&#8221; collapsed=&#8221;on&#8221; global_module=&#8221;2067&#8243;][et_pb_fullwidth_slider show_pagination=&#8221;off&#8221; _builder_version=&#8221;4.2.1&#8243; content_width=&#8221;100%&#8221; min_height=&#8221;430px&#8221; max_height=&#8221;340px&#8221; custom_padding=&#8221;||||false|false&#8221; auto=&#8221;on&#8221;][et_pb_slide _builder_version=&#8221;4.2.1&#8243; background_enable_color=&#8221;off&#8221; background_image=&#8221;https:\/\/feng.shui.de\/wp-content\/uploads\/2020\/02\/slide-1_tiger-consulting_fengshui-geomantie2__-2.jpg&#8221; background_enable_image=&#8221;on&#8221; background_position=&#8221;bottom_right&#8221;][\/et_pb_slide][et_pb_slide _builder_version=&#8221;4.2.1&#8243; background_enable_color=&#8221;off&#8221; background_image=&#8221;https:\/\/feng.shui.de\/wp-content\/uploads\/2020\/02\/tiger-consulting_fengshui-baubiologie3_-1.jpg&#8221; background_enable_image=&#8221;on&#8221; background_position=&#8221;bottom_center&#8221;][\/et_pb_slide][et_pb_slide _builder_version=&#8221;4.2.1&#8243; background_enable_color=&#8221;off&#8221; background_image=&#8221;https:\/\/feng.shui.de\/wp-content\/uploads\/2020\/02\/tiger-consulting_fengshui-2_-2.jpg&#8221; background_enable_image=&#8221;on&#8221; background_position=&#8221;bottom_center&#8221;][\/et_pb_slide][et_pb_slide _builder_version=&#8221;4.2.1&#8243; background_enable_color=&#8221;off&#8221; background_image=&#8221;https:\/\/feng.shui.de\/wp-content\/uploads\/2020\/02\/tiger-consulting_fengshu_-3.jpg&#8221; background_enable_image=&#8221;on&#8221; background_position=&#8221;bottom_center&#8221;][\/et_pb_slide][\/et_pb_fullwidth_slider][\/et_pb_section][et_pb_section fb_built=&#8221;1&#8243; fullwidth=&#8221;on&#8221; disabled_on=&#8221;off|on|on&#8221; admin_label=&#8221;slider mobil EN&#8221; _builder_version=&#8221;4.3.4&#8243; min_height=&#8221;200px&#8221; height=&#8221;200px&#8221; max_height=&#8221;200px&#8221; custom_margin=&#8221;||||false|false&#8221; saved_tabs=&#8221;all&#8221; collapsed=&#8221;on&#8221; global_module=&#8221;2068&#8243;][et_pb_fullwidth_slider disabled_on=&#8221;off|on|on&#8221; _builder_version=&#8221;4.2.1&#8243; content_width=&#8221;100%&#8221; height=&#8221;200px&#8221; max_height=&#8221;200px&#8221; custom_padding=&#8221;||||false|false&#8221; auto=&#8221;on&#8221;][et_pb_slide _builder_version=&#8221;4.2.1&#8243; body_text_align=&#8221;center&#8221; body_text_color=&#8221;#ffffff&#8221; body_font_size=&#8221;24px&#8221; background_enable_color=&#8221;off&#8221; background_image=&#8221;https:\/\/feng.shui.de\/wp-content\/uploads\/2020\/02\/tiger-consulting_fengshui-geomantie2-1.jpg&#8221; background_enable_image=&#8221;on&#8221; background_position=&#8221;bottom_right&#8221;]for a better living space[\/et_pb_slide][et_pb_slide _builder_version=&#8221;4.2.1&#8243; body_text_align=&#8221;center&#8221; body_text_color=&#8221;#ffffff&#8221; body_font_size=&#8221;24px&#8221; background_enable_color=&#8221;off&#8221; background_image=&#8221;https:\/\/feng.shui.de\/wp-content\/uploads\/2020\/02\/tiger-consulting_fengshui-baubiologie3-.jpg&#8221; background_enable_image=&#8221;on&#8221; background_position=&#8221;bottom_right&#8221;]for a better living space[\/et_pb_slide][et_pb_slide _builder_version=&#8221;4.2.1&#8243; body_text_align=&#8221;center&#8221; body_text_color=&#8221;#ffffff&#8221; body_font_size=&#8221;24px&#8221; background_enable_color=&#8221;off&#8221; background_image=&#8221;https:\/\/feng.shui.de\/wp-content\/uploads\/2020\/02\/tiger-consulting_fengshui-geomantie2-.jpg&#8221; background_enable_image=&#8221;on&#8221; background_position=&#8221;bottom_right&#8221;]for a better living space[\/et_pb_slide][et_pb_slide _builder_version=&#8221;4.2.1&#8243; body_text_align=&#8221;center&#8221; body_text_color=&#8221;#ffffff&#8221; body_font_size=&#8221;24px&#8221; background_enable_color=&#8221;off&#8221; background_image=&#8221;https:\/\/feng.shui.de\/wp-content\/uploads\/2020\/02\/tiger-consulting_fengshui-1.jpg&#8221; background_enable_image=&#8221;on&#8221; background_position=&#8221;bottom_right&#8221;]for a better living space[\/et_pb_slide][\/et_pb_fullwidth_slider][\/et_pb_section][et_pb_section fb_built=&#8221;1&#8243; admin_label=&#8221;Sektion Ticker EN&#8221; module_class=&#8221;tickerdb&#8221; _builder_version=&#8221;4.3.4&#8243; background_color=&#8221;#96252b&#8221; width=&#8221;100%&#8221; max_width=&#8221;100%&#8221; height=&#8221;32px&#8221; custom_margin=&#8221;0px|0px|0px|0px|false|false&#8221; custom_padding=&#8221;5px|15px|0px|15px|false|false&#8221; collapsed=&#8221;off&#8221; global_module=&#8221;2069&#8243;][et_pb_row _builder_version=&#8221;4.2.1&#8243; width=&#8221;100%&#8221; overflow-x=&#8221;hidden&#8221; overflow-y=&#8221;hidden&#8221; custom_margin=&#8221;0px||0px||false|false&#8221; custom_padding=&#8221;0px||0px||false|false&#8221;][et_pb_column type=&#8221;4_4&#8243; _builder_version=&#8221;3.29.3&#8243;][et_pb_text _builder_version=&#8221;4.3.4&#8243; text_text_color=&#8221;#ffffff&#8221;]<\/p>\n<div id=\"mtphr-dnt-2224\" class=\"mtphr-dnt mtphr-dnt-2224 mtphr-dnt-default mtphr-dnt-scroll mtphr-dnt-scroll-left\"><div class=\"mtphr-dnt-wrapper mtphr-dnt-clearfix\"><div class=\"mtphr-dnt-tick-container\"><div class=\"mtphr-dnt-tick-contents\"><div class=\"mtphr-dnt-tick mtphr-dnt-default-tick mtphr-dnt-clearfix \"><a href=\"https:\/\/feng.shui.de\/en\/immobilienanalyse-per-mail\/\" target=\"_self\">+++ Immobilienanalyse ab 109 Euro online &#8211; Lebensqualit\u00e4t \/ Prognose \/ Kaufsicherheit +++<\/a><\/div><\/div><\/div><\/div><\/div>\n<p>[\/et_pb_text][\/et_pb_column][\/et_pb_row][\/et_pb_section][et_pb_section fb_built=&#8221;1&#8243; admin_label=&#8221;sektion breadcrumb EN&#8221; _builder_version=&#8221;4.3.4&#8243; background_color=&#8221;#ecf0f1&#8243; custom_margin=&#8221;0px||0px||false|false&#8221; custom_padding=&#8221;0px||10px||false|false&#8221; collapsed=&#8221;on&#8221; global_module=&#8221;2070&#8243;][et_pb_row _builder_version=&#8221;4.2.1&#8243; custom_margin=&#8221;0px||0px||false|false&#8221; custom_padding=&#8221;0px||0px||false|false&#8221;][et_pb_column type=&#8221;4_4&#8243; _builder_version=&#8221;4.2.1&#8243;][et_pb_code _builder_version=&#8221;4.2.1&#8243; custom_margin=&#8221;0px||||false|false&#8221; custom_padding=&#8221;10px||0px||false|false&#8221;]<span><span><a href=\"https:\/\/feng.shui.de\/en\/\">Startseite<\/a><\/span><\/span>[\/et_pb_code][\/et_pb_column][\/et_pb_row][\/et_pb_section][et_pb_section fb_built=&#8221;1&#8243; module_class=&#8221;dbcon&#8221; _builder_version=&#8221;4.3.4&#8243; custom_margin=&#8221;||0px||false|false&#8221; custom_padding=&#8221;30px||||false|false&#8221; hover_enabled=&#8221;0&#8243; collapsed=&#8221;off&#8221;][et_pb_row _builder_version=&#8221;4.2.1&#8243; custom_margin=&#8221;||0px||false|false&#8221; custom_padding=&#8221;||0px||false|false&#8221;][et_pb_column type=&#8221;4_4&#8243; _builder_version=&#8221;3.29.3&#8243;][et_pb_text _builder_version=&#8221;4.2.1&#8243;]<\/p>\n<h1>Feng Shui<\/h1>\n<p>[\/et_pb_text][\/et_pb_column][\/et_pb_row][et_pb_row column_structure=&#8221;3_4,1_4&#8243; _builder_version=&#8221;4.2.1&#8243; custom_margin=&#8221;0px||||false|false&#8221;][et_pb_column type=&#8221;3_4&#8243; _builder_version=&#8221;4.2.1&#8243;][et_pb_text _builder_version=&#8221;4.3.4&#8243; custom_margin=&#8221;30px||||false|false&#8221;]<\/p>\n<p>This is the ancient Chinese art of recognizing and optimizing energies. The knowledge of Feng Shui is mostly spread among Chinese people living abroad. They use Feng Shui particularly in business life.The group of about 60 million Chinese people living abroad represents one of the world\u2019s most successful population. They dominate wide areas of Southeast Asia.<\/p>\n<p>[\/et_pb_text][\/et_pb_column][et_pb_column type=&#8221;1_4&#8243; _builder_version=&#8221;4.2.1&#8243;][et_pb_image src=&#8221;https:\/\/feng.shui.de\/wp-content\/uploads\/2020\/01\/feng-shui.gif&#8221; alt=&#8221;Feng Shui&#8221; title_text=&#8221;Feng Shui: Die alte chinesische Kunst, die Energien zu erkennen und zu optimieren.&#8221; _builder_version=&#8221;4.2.1&#8243;][\/et_pb_image][\/et_pb_column][\/et_pb_row][et_pb_row column_structure=&#8221;1_4,3_4&#8243; _builder_version=&#8221;4.2.1&#8243;][et_pb_column type=&#8221;1_4&#8243; _builder_version=&#8221;4.2.1&#8243;][et_pb_image src=&#8221;https:\/\/feng.shui.de\/wp-content\/uploads\/2020\/01\/feng-shui2.gif&#8221; alt=&#8221;Feng Shui&#8221; title_text=&#8221;Feng Shui Meister stellten ihr Wissen zur Verf\u00fcgung&#8221; _builder_version=&#8221;4.2.1&#8243;][\/et_pb_image][\/et_pb_column][et_pb_column type=&#8221;3_4&#8243; _builder_version=&#8221;4.2.1&#8243;][et_pb_text _builder_version=&#8221;4.3.4&#8243; custom_margin=&#8221;50px||||false|false&#8221;]<\/p>\n<p>The various branches of Feng Shui such as the landscaping school, the compass school, Water Dragon Feng Shui, Golden Dragon Feng Shui, Hongkong Feng Shui, Flying Stars, spiritual Feng Shui and the Eight Life Situations are all incorporated in the Holistic Building Concepts concepts. Feng Shui Masters like Prof. Dr. Lim, Master Jang Tian Tzui, system by Sinsae Yoon and Master Ratchanon Ploentankum made their contribution by passing on their knowledge.<\/p>\n<p>[\/et_pb_text][\/et_pb_column][\/et_pb_row][\/et_pb_section]<\/p>\n","protected":false},"excerpt":{"rendered":"<p>for a better living spacefor a better living spacefor a better living spacefor a better living space<div id=\"mtphr-dnt-2224\" class=\"mtphr-dnt mtphr-dnt-2224 mtphr-dnt-default mtphr-dnt-scroll mtphr-dnt-scroll-left\"><div class=\"mtphr-dnt-wrapper mtphr-dnt-clearfix\"><div class=\"mtphr-dnt-tick-container\"><div class=\"mtphr-dnt-tick-contents\"><div class=\"mtphr-dnt-tick mtphr-dnt-default-tick mtphr-dnt-clearfix \"><a href=\"https:\/\/feng.shui.de\/en\/immobilienanalyse-per-mail\/\" target=\"_self\">+++ Immobilienanalyse ab 109 Euro online &#8211; Lebensqualit\u00e4t \/ Prognose \/ Kaufsicherheit +++<\/a><\/div><\/div><\/div><\/div><\/div><span><span><a href=\"https:\/\/feng.shui.de\/en\/\">Startseite<\/a><\/span><\/span>Feng Shui This is the ancient Chinese art of recognizing and optimizing energies. The knowledge of Feng Shui is mostly spread among Chinese people living abroad. They use Feng Shui particularly in business life.The group of about 60 [&hellip;]<\/p>\n","protected":false},"author":1,"featured_media":0,"parent":2699,"menu_order":0,"comment_status":"closed","ping_status":"closed","template":"","meta":{"_et_pb_use_builder":"on","_et_pb_old_content":"<p>[et_pb_section fb_built=\"1\" fullwidth=\"on\" disabled_on=\"on|off|off\" admin_label=\"slider desktop\" _builder_version=\"4.2.1\" min_height=\"430px\" custom_margin=\"||0px||false|false\" global_module=\"414\" saved_tabs=\"all\" collapsed=\"on\"][et_pb_fullwidth_slider show_pagination=\"off\" _builder_version=\"4.2.1\" content_width=\"100%\" min_height=\"430px\" max_height=\"340px\" custom_padding=\"||||false|false\" auto=\"on\"][et_pb_slide _builder_version=\"4.2.1\" background_enable_color=\"off\" background_image=\"https:\/\/feng.shui.de\/wp-content\/uploads\/2020\/02\/slide-1_tiger-consulting_fengshui-geomantie2__-2.jpg\" background_enable_image=\"on\" background_position=\"bottom_right\"][\/et_pb_slide][et_pb_slide _builder_version=\"4.2.1\" background_enable_color=\"off\" background_image=\"https:\/\/feng.shui.de\/wp-content\/uploads\/2020\/02\/tiger-consulting_fengshui-baubiologie3_-1.jpg\" background_enable_image=\"on\" background_position=\"bottom_center\"][\/et_pb_slide][et_pb_slide _builder_version=\"4.2.1\" background_enable_color=\"off\" background_image=\"https:\/\/feng.shui.de\/wp-content\/uploads\/2020\/02\/tiger-consulting_fengshui-2_-2.jpg\" background_enable_image=\"on\" background_position=\"bottom_center\"][\/et_pb_slide][et_pb_slide _builder_version=\"4.2.1\" background_enable_color=\"off\" background_image=\"https:\/\/feng.shui.de\/wp-content\/uploads\/2020\/02\/tiger-consulting_fengshu_-3.jpg\" background_enable_image=\"on\" background_position=\"bottom_center\"][\/et_pb_slide][\/et_pb_fullwidth_slider][\/et_pb_section][et_pb_section fb_built=\"1\" fullwidth=\"on\" disabled_on=\"off|on|on\" admin_label=\"slider mobil\" _builder_version=\"4.2.1\" min_height=\"200px\" height=\"200px\" max_height=\"200px\" custom_margin=\"||||false|false\" global_module=\"1184\" saved_tabs=\"all\" collapsed=\"off\"][et_pb_fullwidth_slider disabled_on=\"off|on|on\" _builder_version=\"4.2.1\" content_width=\"100%\" height=\"200px\" max_height=\"200px\" custom_padding=\"||||false|false\" auto=\"on\"][et_pb_slide _builder_version=\"4.2.1\" body_text_align=\"center\" body_text_color=\"#ffffff\" body_font_size=\"24px\" background_enable_color=\"off\" background_image=\"https:\/\/feng.shui.de\/wp-content\/uploads\/2020\/02\/tiger-consulting_fengshui-geomantie2-1.jpg\" background_enable_image=\"on\" background_position=\"bottom_right\"]for a better living space[\/et_pb_slide][et_pb_slide _builder_version=\"4.2.1\" body_text_align=\"center\" body_text_color=\"#ffffff\" body_font_size=\"24px\" background_enable_color=\"off\" background_image=\"https:\/\/feng.shui.de\/wp-content\/uploads\/2020\/02\/tiger-consulting_fengshui-baubiologie3-.jpg\" background_enable_image=\"on\" background_position=\"bottom_right\"]for a better living space[\/et_pb_slide][et_pb_slide _builder_version=\"4.2.1\" body_text_align=\"center\" body_text_color=\"#ffffff\" body_font_size=\"24px\" background_enable_color=\"off\" background_image=\"https:\/\/feng.shui.de\/wp-content\/uploads\/2020\/02\/tiger-consulting_fengshui-geomantie2-.jpg\" background_enable_image=\"on\" background_position=\"bottom_right\"]for a better living space[\/et_pb_slide][et_pb_slide _builder_version=\"4.2.1\" body_text_align=\"center\" body_text_color=\"#ffffff\" body_font_size=\"24px\" background_enable_color=\"off\" background_image=\"https:\/\/feng.shui.de\/wp-content\/uploads\/2020\/02\/tiger-consulting_fengshui-1.jpg\" background_enable_image=\"on\" background_position=\"bottom_right\"]for a better living space[\/et_pb_slide][\/et_pb_fullwidth_slider][\/et_pb_section][et_pb_section fb_built=\"1\" admin_label=\"Sektion Ticker\" module_class=\"tickerdb\" _builder_version=\"4.2.1\" background_color=\"#96252b\" width=\"100%\" max_width=\"100%\" height=\"32px\" custom_margin=\"0px|0px|0px|0px|false|false\" custom_padding=\"5px|15px|0px|15px|false|false\" global_module=\"413\" collapsed=\"on\"][et_pb_row _builder_version=\"4.2.1\" width=\"100%\" overflow-x=\"hidden\" overflow-y=\"hidden\" custom_margin=\"0px||0px||false|false\" custom_padding=\"0px||0px||false|false\"][et_pb_column type=\"4_4\" _builder_version=\"3.29.3\"][et_pb_text _builder_version=\"4.2.1\" text_text_color=\"#ffffff\"][ditty_news_ticker id=\"992\"][\/et_pb_text][\/et_pb_column][\/et_pb_row][\/et_pb_section][et_pb_section fb_built=\"1\" admin_label=\"sektion breadcrumb\" _builder_version=\"4.2.1\" background_color=\"#ecf0f1\" custom_margin=\"0px||0px||false|false\" custom_padding=\"0px||0px||false|false\" global_module=\"1612\" collapsed=\"on\"][et_pb_row _builder_version=\"4.2.1\" custom_margin=\"0px||0px||false|false\" custom_padding=\"0px||0px||false|false\"][et_pb_column type=\"4_4\" _builder_version=\"4.2.1\"][et_pb_code _builder_version=\"4.2.1\" custom_margin=\"0px||||false|false\" custom_padding=\"10px||0px||false|false\"][wpseo_breadcrumb][\/et_pb_code][\/et_pb_column][\/et_pb_row][\/et_pb_section][et_pb_section fb_built=\"1\" _builder_version=\"4.2.1\" custom_margin=\"||0px||false|false\" custom_padding=\"30px||||false|false\" collapsed=\"off\"][et_pb_row _builder_version=\"4.2.1\" custom_margin=\"||0px||false|false\" custom_padding=\"||0px||false|false\"][et_pb_column type=\"4_4\" _builder_version=\"3.29.3\"][et_pb_text _builder_version=\"4.2.1\"]<\/p><h1>Feng Shui<\/h1><p>[\/et_pb_text][\/et_pb_column][\/et_pb_row][et_pb_row column_structure=\"3_4,1_4\" _builder_version=\"4.2.1\" custom_margin=\"0px||||false|false\"][et_pb_column type=\"3_4\" _builder_version=\"4.2.1\"][et_pb_text _builder_version=\"4.2.1\" custom_margin=\"30px||||false|false\"]<\/p><p>Feng Shui: Die alte chinesische Kunst, die Energien zu erkennen und zu optimieren. Das Feng Shui Wissen ist insbesondere bei den Auslandschinesen weit verbreitet. Sie wenden Feng Shui an, jedoch insbesondere im Gesch\u00e4ftsleben. Die Auslandschinesen mit ca. 60 Millionen, ist eine der erfolgreichsten Bev\u00f6lkerungsgruppen der Welt. Sie dominieren weite Bereiche S\u00fcdostasiens.<\/p><p>[\/et_pb_text][\/et_pb_column][et_pb_column type=\"1_4\" _builder_version=\"4.2.1\"][et_pb_image src=\"https:\/\/feng.shui.de\/wp-content\/uploads\/2020\/01\/feng-shui.gif\" alt=\"Feng Shui\" title_text=\"Feng Shui: Die alte chinesische Kunst, die Energien zu erkennen und zu optimieren.\" _builder_version=\"4.2.1\"][\/et_pb_image][\/et_pb_column][\/et_pb_row][et_pb_row column_structure=\"1_4,3_4\" _builder_version=\"4.2.1\"][et_pb_column type=\"1_4\" _builder_version=\"4.2.1\"][et_pb_image src=\"https:\/\/feng.shui.de\/wp-content\/uploads\/2020\/01\/feng-shui2.gif\" alt=\"Feng Shui\" title_text=\"Feng Shui Meister stellten ihr Wissen zur Verf\u00fcgung\" _builder_version=\"4.2.1\"][\/et_pb_image][\/et_pb_column][et_pb_column type=\"3_4\" _builder_version=\"4.2.1\"][et_pb_text _builder_version=\"4.2.1\" custom_margin=\"50px||||false|false\"]<\/p><p>Die verschiedenen Feng Shui Richtungen wie Landschaftsschule, Kompass-Schule, Wasserdrachen Feng Shui, Golden Dragon Feng Shui, Malysisches Feng Shui, Hongkong Feng Shui, Flying Stars, geistiges Feng Shui und die acht Lebensbereiche fliessen in Holistic Building Concepts Konzepten mit ein. Feng Shui Meister wie Prof. Dr. Lim, Meister Jang Tian Tzui, system by Sinsae Yoon und Master Ratchanon Ploentankum stellten ihr Wissen zur Verf\u00fcgung.<\/p><p>[\/et_pb_text][\/et_pb_column][\/et_pb_row][\/et_pb_section]<\/p>","_et_gb_content_width":"","ngg_post_thumbnail":0,"footnotes":"","_wp_rev_ctl_limit":""},"class_list":["post-2375","page","type-page","status-publish","hentry"],"yoast_head":"<!-- This site is optimized with the Yoast SEO plugin v27.3 - https:\/\/yoast.com\/product\/yoast-seo-wordpress\/ -->\n<title>Feng Shui - Tiger Consulting<\/title>\n<meta name=\"robots\" content=\"index, follow, max-snippet:-1, max-image-preview:large, max-video-preview:-1\" \/>\n<link rel=\"canonical\" href=\"https:\/\/feng.shui.de\/en\/what-we-do\/themes\/feng-shui\/\" \/>\n<meta property=\"og:locale\" content=\"en_US\" \/>\n<meta property=\"og:type\" content=\"article\" \/>\n<meta property=\"og:title\" content=\"Feng Shui - Tiger Consulting\" \/>\n<meta property=\"og:description\" content=\"for a better living spacefor a better living spacefor a better living spacefor a better living spaceFeng Shui This is the ancient Chinese art of recognizing and optimizing energies. The knowledge of Feng Shui is mostly spread among Chinese people living abroad. They use Feng Shui particularly in business life.The group of about 60 [&hellip;]\" \/>\n<meta property=\"og:url\" content=\"https:\/\/feng.shui.de\/en\/what-we-do\/themes\/feng-shui\/\" \/>\n<meta property=\"og:site_name\" content=\"Tiger Consulting\" \/>\n<meta property=\"article:modified_time\" content=\"2020-03-13T20:54:06+00:00\" \/>\n<meta name=\"twitter:card\" content=\"summary_large_image\" \/>\n<meta name=\"twitter:label1\" content=\"Est. reading time\" \/>\n\t<meta name=\"twitter:data1\" content=\"5 minutes\" \/>\n<script type=\"application\/ld+json\" class=\"yoast-schema-graph\">{\"@context\":\"https:\\\/\\\/schema.org\",\"@graph\":[{\"@type\":\"WebPage\",\"@id\":\"https:\\\/\\\/feng.shui.de\\\/en\\\/what-we-do\\\/themes\\\/feng-shui\\\/\",\"url\":\"https:\\\/\\\/feng.shui.de\\\/en\\\/what-we-do\\\/themes\\\/feng-shui\\\/\",\"name\":\"Feng Shui - Tiger Consulting\",\"isPartOf\":{\"@id\":\"https:\\\/\\\/feng.shui.de\\\/#website\"},\"datePublished\":\"2020-03-13T20:34:37+00:00\",\"dateModified\":\"2020-03-13T20:54:06+00:00\",\"breadcrumb\":{\"@id\":\"https:\\\/\\\/feng.shui.de\\\/en\\\/what-we-do\\\/themes\\\/feng-shui\\\/#breadcrumb\"},\"inLanguage\":\"en-US\",\"potentialAction\":[{\"@type\":\"ReadAction\",\"target\":[\"https:\\\/\\\/feng.shui.de\\\/en\\\/what-we-do\\\/themes\\\/feng-shui\\\/\"]}]},{\"@type\":\"BreadcrumbList\",\"@id\":\"https:\\\/\\\/feng.shui.de\\\/en\\\/what-we-do\\\/themes\\\/feng-shui\\\/#breadcrumb\",\"itemListElement\":[{\"@type\":\"ListItem\",\"position\":1,\"name\":\"Startseite\",\"item\":\"https:\\\/\\\/feng.shui.de\\\/en\\\/\"},{\"@type\":\"ListItem\",\"position\":2,\"name\":\"What we do\",\"item\":\"https:\\\/\\\/feng.shui.de\\\/en\\\/what-we-do\\\/\"},{\"@type\":\"ListItem\",\"position\":3,\"name\":\"Themes\",\"item\":\"https:\\\/\\\/feng.shui.de\\\/en\\\/what-we-do\\\/themes\\\/\"},{\"@type\":\"ListItem\",\"position\":4,\"name\":\"Feng Shui\"}]},{\"@type\":\"WebSite\",\"@id\":\"https:\\\/\\\/feng.shui.de\\\/#website\",\"url\":\"https:\\\/\\\/feng.shui.de\\\/\",\"name\":\"Tiger Consulting\",\"description\":\"\",\"potentialAction\":[{\"@type\":\"SearchAction\",\"target\":{\"@type\":\"EntryPoint\",\"urlTemplate\":\"https:\\\/\\\/feng.shui.de\\\/?s={search_term_string}\"},\"query-input\":{\"@type\":\"PropertyValueSpecification\",\"valueRequired\":true,\"valueName\":\"search_term_string\"}}],\"inLanguage\":\"en-US\"}]}<\/script>\n<!-- \/ Yoast SEO plugin. -->","yoast_head_json":{"title":"Feng Shui - Tiger Consulting","robots":{"index":"index","follow":"follow","max-snippet":"max-snippet:-1","max-image-preview":"max-image-preview:large","max-video-preview":"max-video-preview:-1"},"canonical":"https:\/\/feng.shui.de\/en\/what-we-do\/themes\/feng-shui\/","og_locale":"en_US","og_type":"article","og_title":"Feng Shui - Tiger Consulting","og_description":"for a better living spacefor a better living spacefor a better living spacefor a better living spaceFeng Shui This is the ancient Chinese art of recognizing and optimizing energies. The knowledge of Feng Shui is mostly spread among Chinese people living abroad. They use Feng Shui particularly in business life.The group of about 60 [&hellip;]","og_url":"https:\/\/feng.shui.de\/en\/what-we-do\/themes\/feng-shui\/","og_site_name":"Tiger Consulting","article_modified_time":"2020-03-13T20:54:06+00:00","twitter_card":"summary_large_image","twitter_misc":{"Est. reading time":"5 minutes"},"schema":{"@context":"https:\/\/schema.org","@graph":[{"@type":"WebPage","@id":"https:\/\/feng.shui.de\/en\/what-we-do\/themes\/feng-shui\/","url":"https:\/\/feng.shui.de\/en\/what-we-do\/themes\/feng-shui\/","name":"Feng Shui - Tiger Consulting","isPartOf":{"@id":"https:\/\/feng.shui.de\/#website"},"datePublished":"2020-03-13T20:34:37+00:00","dateModified":"2020-03-13T20:54:06+00:00","breadcrumb":{"@id":"https:\/\/feng.shui.de\/en\/what-we-do\/themes\/feng-shui\/#breadcrumb"},"inLanguage":"en-US","potentialAction":[{"@type":"ReadAction","target":["https:\/\/feng.shui.de\/en\/what-we-do\/themes\/feng-shui\/"]}]},{"@type":"BreadcrumbList","@id":"https:\/\/feng.shui.de\/en\/what-we-do\/themes\/feng-shui\/#breadcrumb","itemListElement":[{"@type":"ListItem","position":1,"name":"Startseite","item":"https:\/\/feng.shui.de\/en\/"},{"@type":"ListItem","position":2,"name":"What we do","item":"https:\/\/feng.shui.de\/en\/what-we-do\/"},{"@type":"ListItem","position":3,"name":"Themes","item":"https:\/\/feng.shui.de\/en\/what-we-do\/themes\/"},{"@type":"ListItem","position":4,"name":"Feng Shui"}]},{"@type":"WebSite","@id":"https:\/\/feng.shui.de\/#website","url":"https:\/\/feng.shui.de\/","name":"Tiger Consulting","description":"","potentialAction":[{"@type":"SearchAction","target":{"@type":"EntryPoint","urlTemplate":"https:\/\/feng.shui.de\/?s={search_term_string}"},"query-input":{"@type":"PropertyValueSpecification","valueRequired":true,"valueName":"search_term_string"}}],"inLanguage":"en-US"}]}},"_links":{"self":[{"href":"https:\/\/feng.shui.de\/en\/wp-json\/wp\/v2\/pages\/2375","targetHints":{"allow":["GET"]}}],"collection":[{"href":"https:\/\/feng.shui.de\/en\/wp-json\/wp\/v2\/pages"}],"about":[{"href":"https:\/\/feng.shui.de\/en\/wp-json\/wp\/v2\/types\/page"}],"author":[{"embeddable":true,"href":"https:\/\/feng.shui.de\/en\/wp-json\/wp\/v2\/users\/1"}],"replies":[{"embeddable":true,"href":"https:\/\/feng.shui.de\/en\/wp-json\/wp\/v2\/comments?post=2375"}],"version-history":[{"count":5,"href":"https:\/\/feng.shui.de\/en\/wp-json\/wp\/v2\/pages\/2375\/revisions"}],"predecessor-version":[{"id":2412,"href":"https:\/\/feng.shui.de\/en\/wp-json\/wp\/v2\/pages\/2375\/revisions\/2412"}],"up":[{"embeddable":true,"href":"https:\/\/feng.shui.de\/en\/wp-json\/wp\/v2\/pages\/2699"}],"wp:attachment":[{"href":"https:\/\/feng.shui.de\/en\/wp-json\/wp\/v2\/media?parent=2375"}],"curies":[{"name":"wp","href":"https:\/\/api.w.org\/{rel}","templated":true}]}}